{"id":891,"date":"2023-11-30T19:30:02","date_gmt":"2023-11-30T18:30:02","guid":{"rendered":"https:\/\/fisiocamacho.com\/?page_id=891"},"modified":"2023-11-30T19:30:47","modified_gmt":"2023-11-30T18:30:47","slug":"cookie-policy","status":"publish","type":"page","link":"https:\/\/fisiocamacho.com\/en\/politica-de-cookies\/","title":{"rendered":"Cookies policy"},"content":{"rendered":"<div data-elementor-type=\"wp-page\" data-elementor-id=\"891\" class=\"elementor elementor-891\" data-elementor-post-type=\"page\">\n\t\t\t\t\t\t<section class=\"elementor-section elementor-top-section elementor-element elementor-element-29121ec elementor-section-height-min-height elementor-section-boxed elementor-section-height-default elementor-section-items-middle\" data-id=\"29121ec\" data-element_type=\"section\" data-e-type=\"section\" data-settings=\"{&quot;background_background&quot;:&quot;classic&quot;}\">\n\t\t\t\t\t\t<div class=\"elementor-container elementor-column-gap-default\">\n\t\t\t\t\t<div class=\"elementor-column elementor-col-100 elementor-top-column elementor-element elementor-element-150e6ca\" data-id=\"150e6ca\" data-element_type=\"column\" data-e-type=\"column\">\n\t\t\t<div class=\"elementor-widget-wrap\">\n\t\t\t\t\t\t\t<\/div>\n\t\t<\/div>\n\t\t\t\t\t<\/div>\n\t\t<\/section>\n\t\t\t\t<section class=\"elementor-section elementor-top-section elementor-element elementor-element-fa22120 elementor-section-boxed elementor-section-height-default elementor-section-height-default\" data-id=\"fa22120\" data-element_type=\"section\" data-e-type=\"section\">\n\t\t\t\t\t\t<div class=\"elementor-container elementor-column-gap-default\">\n\t\t\t\t\t<div class=\"elementor-column elementor-col-100 elementor-top-column elementor-element elementor-element-b6bfdfe\" data-id=\"b6bfdfe\" data-element_type=\"column\" data-e-type=\"column\">\n\t\t\t<div class=\"elementor-widget-wrap elementor-element-populated\">\n\t\t\t\t\t\t<div class=\"elementor-element elementor-element-c5486c0 elementor-widget elementor-widget-heading\" data-id=\"c5486c0\" data-element_type=\"widget\" data-e-type=\"widget\" data-widget_type=\"heading.default\">\n\t\t\t\t\t<h2 class=\"elementor-heading-title elementor-size-default\">Cookies policy<\/h2>\t\t\t\t<\/div>\n\t\t\t\t<div class=\"elementor-element elementor-element-12570c5 elementor-widget elementor-widget-text-editor\" data-id=\"12570c5\" data-element_type=\"widget\" data-e-type=\"widget\" data-widget_type=\"text-editor.default\">\n\t\t\t\t\t\t\t\t\t<div id=\"lipsum\"><p>Lorem ipsum dolor sit amet, consectetur adipiscing elit. Nam mollis viverra blandit. Aenean euismod ligula ipsum, quis malesuada felis facilisis et. Vivamus nec scelerisque turpis, id volutpat risus. Phasellus finibus velit non ante porta volutpat. Pellentesque non risus pulvinar, interdum quam vel, rhoncus nulla. Etiam dapibus erat non arcu fringilla sagittis. Vestibulum non posuere mauris, elementum tristique quam. Aliquam sollicitudin nulla non rhoncus aliquet. Duis feugiat blandit consequat. Proin et tristique est, a efficitur tellus.<\/p><p>Donec lacinia mi nec commodo fermentum. Nulla malesuada ultrices quam. Vestibulum dapibus purus eget metus accumsan, in lacinia lorem sodales. Quisque pretium velit ut magna mollis, id viverra sapien egestas. Morbi consectetur sem a ligula consequat rhoncus. In feugiat elit in enim faucibus efficitur ut et velit. Ut euismod, arcu quis vulputate bibendum, turpis velit pulvinar nunc, non malesuada arcu dolor vel mauris. Vivamus eget elementum ex, vel semper nibh. Proin nec lobortis ex.<\/p><p>Proin sagittis lacus eu eleifend aliquet. Sed non orci nibh. Duis eleifend turpis vel facilisis sollicitudin. Maecenas nec cursus ipsum. Donec dignissim augue vel tortor dignissim convallis. Suspendisse efficitur eleifend ligula suscipit suscipit. Curabitur venenatis, lectus non tristique faucibus, lacus sem pretium libero, et porttitor quam tortor sit amet elit. In quis risus aliquet, feugiat ipsum finibus, aliquet ipsum. Praesent laoreet vehicula efficitur. Sed finibus dolor ac odio finibus, eget ornare ex molestie. Aenean egestas dictum dolor, eget venenatis libero malesuada at.<\/p><p>Proin blandit nisi et sem ultrices, molestie molestie sem congue. Maecenas consectetur felis et scelerisque maximus. Suspendisse ultrices vehicula massa, sed blandit diam laoreet sit amet. Phasellus sed nulla nisi. Vestibulum viverra, tortor ultrices efficitur sodales, ex mi feugiat diam, sit amet bibendum orci eros at arcu. Vestibulum ante ipsum primis in faucibus orci luctus et ultrices posuere cubilia curae; Fusce sed orci quis magna condimentum ornare. Pellentesque habitant morbi tristique senectus et netus et malesuada fames ac turpis egestas. Ut aliquam est eget augue auctor molestie. Suspendisse imperdiet bibendum viverra. Sed eu lorem erat. Vivamus accumsan urna orci, vel gravida nibh maximus ac. Aenean dignissim malesuada neque vel maximus.<\/p><p>Fusce vitae libero vitae orci porttitor eleifend. Quisque euismod maximus lectus. Nam venenatis arcu a lacus fermentum, quis pulvinar risus eleifend. Proin venenatis ultrices elit non feugiat. Fusce facilisis interdum lacus, ut efficitur mi condimentum vitae. Aliquam ipsum arcu, semper eget ex ut, ultricies pulvinar eros. Donec sit amet metus in quam scelerisque mollis. Sed at finibus enim, sed accumsan justo. Vestibulum eu nibh in felis gravida lobortis at eu felis.<\/p><\/div>\t\t\t\t\t\t\t\t<\/div>\n\t\t\t\t\t<\/div>\n\t\t<\/div>\n\t\t\t\t\t<\/div>\n\t\t<\/section>\n\t\t\t\t<\/div>","protected":false},"excerpt":{"rendered":"<p>Pol\u00edtica de cookies Lorem ipsum dolor sit amet, consectetur adipiscing elit. Nam mollis viverra blandit. Aenean euismod ligula ipsum, quis malesuada felis facilisis et. Vivamus nec scelerisque turpis, id volutpat risus. Phasellus finibus velit non ante porta volutpat. Pellentesque non risus pulvinar, interdum quam vel, rhoncus nulla. Etiam dapibus erat non arcu fringilla sagittis. Vestibulum [&hellip;]<\/p>\n","protected":false},"author":1,"featured_media":0,"parent":0,"menu_order":0,"comment_status":"closed","ping_status":"closed","template":"","meta":{"_joinchat":[],"footnotes":""},"class_list":["post-891","page","type-page","status-publish","hentry"],"yoast_head":"<!-- This site is optimized with the Yoast SEO plugin v27.4 - https:\/\/yoast.com\/product\/yoast-seo-wordpress\/ -->\n<title>Pol\u00edtica de cookies | Cl\u00ednica Fisio Camacho<\/title>\n<meta name=\"description\" content=\"Cl\u00ednica Fisio Camacho | Cl\u00ednica de fisioterapia y osteopat\u00eda, especializados en Pol\u00edtica de cookies fisioterapia y osteopat\u00eda\" \/>\n<meta name=\"robots\" content=\"index, follow, max-snippet:-1, max-image-preview:large, max-video-preview:-1\" \/>\n<link rel=\"canonical\" href=\"https:\/\/fisiocamacho.com\/en\/cookie-policy\/\" \/>\n<meta property=\"og:locale\" content=\"en_GB\" \/>\n<meta property=\"og:type\" content=\"article\" \/>\n<meta property=\"og:title\" content=\"Pol\u00edtica de cookies | Cl\u00ednica Fisio Camacho\" \/>\n<meta property=\"og:description\" content=\"Cl\u00ednica Fisio Camacho | Cl\u00ednica de fisioterapia y osteopat\u00eda, especializados en Pol\u00edtica de cookies fisioterapia y osteopat\u00eda\" \/>\n<meta property=\"og:url\" content=\"https:\/\/fisiocamacho.com\/en\/cookie-policy\/\" \/>\n<meta property=\"og:site_name\" content=\"Cl\u00ednica Fisio Camacho\" \/>\n<meta property=\"article:modified_time\" content=\"2023-11-30T18:30:47+00:00\" \/>\n<meta property=\"og:image\" content=\"https:\/\/fisiocamacho.com\/wp-content\/uploads\/2023\/11\/logo-cuadrado.png\" \/>\n\t<meta property=\"og:image:width\" content=\"512\" \/>\n\t<meta property=\"og:image:height\" content=\"435\" \/>\n\t<meta property=\"og:image:type\" content=\"image\/png\" \/>\n<meta name=\"twitter:card\" content=\"summary_large_image\" \/>\n<meta name=\"twitter:label1\" content=\"Estimated reading time\" \/>\n\t<meta name=\"twitter:data1\" content=\"1 minute\" \/>\n<!-- \/ Yoast SEO plugin. -->","yoast_head_json":{"title":"Cookies policy : Cl\u00ednica Fisio Camacho","description":"Cl\u00ednica Fisio Camacho | Physiotherapy and osteopathy clinic, specialising in physiotherapy and osteopathy cookies policy","robots":{"index":"index","follow":"follow","max-snippet":"max-snippet:-1","max-image-preview":"max-image-preview:large","max-video-preview":"max-video-preview:-1"},"canonical":"https:\/\/fisiocamacho.com\/en\/cookie-policy\/","og_locale":"en_GB","og_type":"article","og_title":"Pol\u00edtica de cookies | Cl\u00ednica Fisio Camacho","og_description":"Cl\u00ednica Fisio Camacho | Cl\u00ednica de fisioterapia y osteopat\u00eda, especializados en Pol\u00edtica de cookies fisioterapia y osteopat\u00eda","og_url":"https:\/\/fisiocamacho.com\/en\/cookie-policy\/","og_site_name":"Cl\u00ednica Fisio Camacho","article_modified_time":"2023-11-30T18:30:47+00:00","og_image":[{"width":512,"height":435,"url":"https:\/\/fisiocamacho.com\/wp-content\/uploads\/2023\/11\/logo-cuadrado.png","type":"image\/png"}],"twitter_card":"summary_large_image","twitter_misc":{"Estimated reading time":"1 minute"},"schema":{"@context":"https:\/\/schema.org","@graph":[{"@type":"WebPage","@id":"https:\/\/fisiocamacho.com\/politica-de-cookies\/","url":"https:\/\/fisiocamacho.com\/politica-de-cookies\/","name":"Cookies policy : Cl\u00ednica Fisio Camacho","isPartOf":{"@id":"https:\/\/fisiocamacho.com\/#website"},"datePublished":"2023-11-30T18:30:02+00:00","dateModified":"2023-11-30T18:30:47+00:00","description":"Cl\u00ednica Fisio Camacho | Physiotherapy and osteopathy clinic, specialising in physiotherapy and osteopathy cookies policy","breadcrumb":{"@id":"https:\/\/fisiocamacho.com\/politica-de-cookies\/#breadcrumb"},"inLanguage":"en-GB","potentialAction":[{"@type":"ReadAction","target":["https:\/\/fisiocamacho.com\/politica-de-cookies\/"]}]},{"@type":"BreadcrumbList","@id":"https:\/\/fisiocamacho.com\/politica-de-cookies\/#breadcrumb","itemListElement":[{"@type":"ListItem","position":1,"name":"Portada","item":"https:\/\/fisiocamacho.com\/"},{"@type":"ListItem","position":2,"name":"Pol\u00edtica de cookies"}]},{"@type":"WebSite","@id":"https:\/\/fisiocamacho.com\/#website","url":"https:\/\/fisiocamacho.com\/","name":"Camacho Physiotherapy and Osteopathy Clinic","description":"Camacho physiotherapy and osteopathy clinic specialising in infant colic and general physiotherapy.","publisher":{"@id":"https:\/\/fisiocamacho.com\/#organization"},"alternateName":"Cl\u00ednica Fisio Camacho","potentialAction":[{"@type":"SearchAction","target":{"@type":"EntryPoint","urlTemplate":"https:\/\/fisiocamacho.com\/?s={search_term_string}"},"query-input":{"@type":"PropertyValueSpecification","valueRequired":true,"valueName":"search_term_string"}}],"inLanguage":"en-GB"},{"@type":"Organization","@id":"https:\/\/fisiocamacho.com\/#organization","name":"Camacho Physio Clinic","url":"https:\/\/fisiocamacho.com\/","logo":{"@type":"ImageObject","inLanguage":"en-GB","@id":"https:\/\/fisiocamacho.com\/#\/schema\/logo\/image\/","url":"https:\/\/fisiocamacho.com\/wp-content\/uploads\/2023\/11\/logo-cuadrado.png","contentUrl":"https:\/\/fisiocamacho.com\/wp-content\/uploads\/2023\/11\/logo-cuadrado.png","width":512,"height":435,"caption":"Cl\u00ednica Fisio Camacho"},"image":{"@id":"https:\/\/fisiocamacho.com\/#\/schema\/logo\/image\/"}}]}},"_links":{"self":[{"href":"https:\/\/fisiocamacho.com\/en\/wp-json\/wp\/v2\/pages\/891","targetHints":{"allow":["GET"]}}],"collection":[{"href":"https:\/\/fisiocamacho.com\/en\/wp-json\/wp\/v2\/pages"}],"about":[{"href":"https:\/\/fisiocamacho.com\/en\/wp-json\/wp\/v2\/types\/page"}],"author":[{"embeddable":true,"href":"https:\/\/fisiocamacho.com\/en\/wp-json\/wp\/v2\/users\/1"}],"replies":[{"embeddable":true,"href":"https:\/\/fisiocamacho.com\/en\/wp-json\/wp\/v2\/comments?post=891"}],"version-history":[{"count":0,"href":"https:\/\/fisiocamacho.com\/en\/wp-json\/wp\/v2\/pages\/891\/revisions"}],"wp:attachment":[{"href":"https:\/\/fisiocamacho.com\/en\/wp-json\/wp\/v2\/media?parent=891"}],"curies":[{"name":"wp","href":"https:\/\/api.w.org\/{rel}","templated":true}]}}